{"id":1973,"date":"2024-06-20T08:23:17","date_gmt":"2024-06-20T06:23:17","guid":{"rendered":"https:\/\/www.hotelloewen.de\/?page_id=1973"},"modified":"2025-07-31T21:33:06","modified_gmt":"2025-07-31T19:33:06","slug":"anfrage-tischreservierung","status":"publish","type":"page","link":"https:\/\/www.hotelloewen.de\/en\/anfrage-tischreservierung\/","title":{"rendered":"Tischreservierung Online Anfrage"},"content":{"rendered":"<p><!-- Main Heading --><\/p>\n<h2 style=\"font-size: 2.4rem; color: #9c3d1d; font-weight: 500; border-bottom: 2px solid #ccc; padding-bottom: 10px; margin-bottom: 30px; text-align: center; letter-spacing: 0.5px;\">Request a Table Reservation<\/h2>\n<form id=\"wpforms-form-3783\" data-formid=\"3783\" method=\"post\" enctype=\"multipart\/form-data\" action=\"\/wp-admin\/admin-ajax.php\" data-token=\"f52a7c3e0f2ad83843b3d9c2c2bd12ee\" data-token-time=\"1753990386\"><noscript>Please enable JavaScript in your browser to complete this form.<\/noscript>Please enable JavaScript in your browser to complete this form.<label for=\"wpforms-3783-field_46\">Date *<\/label><input type=\"text\" id=\"wpforms-3783-field_46\" data-date-format=\"d.m.Y\" data-disable-past-dates=\"1\" data-disable-todays-date=\"1\" data-input=\"true\" name=\"wpforms[fields][46][date]\" placeholder=\"Datum\" aria-errormessage=\"wpforms-3783-field_46-error\" required><a title=\"Datum leeren\" data-clear role=\"button\" tabindex=\"0\" aria-label=\"Datum leeren\" style=\"display:none;\"><\/a><label for=\"wpforms-3783-field_6-time\">Time *<\/label><input type=\"text\" id=\"wpforms-3783-field_6-time\" data-time-format=\"H:i\" data-step=\"15\" data-rule-time24h=\"true\" data-min-time=\"12:00\" data-max-time=\"22:00\" data-rule-time-limit=\"true\" name=\"wpforms[fields][6][time]\" placeholder=\"Uhrzeit\" aria-errormessage=\"wpforms-3783-field_6-time-error\" required><label for=\"wpforms-3783-field_28\">Number of guests *<\/label><input type=\"number\" id=\"wpforms-3783-field_28\" name=\"wpforms[fields][28]\" placeholder=\"Personenanzahl\" step=\"any\" aria-errormessage=\"wpforms-3783-field_28-error\" required><label for=\"wpforms-3783-field_39\">Salutation <\/label><select id=\"wpforms-3783-field_39\" data-size-class=\"wpforms-field-row wpforms-field-small\" data-search-enabled=\"\" name=\"wpforms[fields][39]\"><option value=\"\" disabled  selected='selected'>Anrede<\/option><option value=\"Mr.\" >Mr.<\/option><option value=\"Mrs.\" >Mrs.<\/option><option value=\"Gender-neutral salutation\" >Gender-neutral salutation<\/option><\/select><label for=\"wpforms-3783-field_40\">Titel<\/label><select id=\"wpforms-3783-field_40\" data-size-class=\"wpforms-field-row wpforms-field-small\" data-search-enabled=\"\" name=\"wpforms[fields][40]\"><option value=\"\" disabled  selected='selected'>Titel<\/option><option value=\"Dr.\" >Dr.<\/option><option value=\"Prof.\" >Prof.<\/option><option value=\"Prof. Dr.\" >Prof. Dr.<\/option><\/select><\/p>\n<fieldset>\n<legend>Name *<\/legend>\n<p><input type=\"text\" id=\"wpforms-3783-field_1\" name=\"wpforms[fields][1][first]\" placeholder=\"Vorname\" aria-errormessage=\"wpforms-3783-field_1-error\" required><label for=\"wpforms-3783-field_1\">First<\/label><input type=\"text\" id=\"wpforms-3783-field_1-last\" name=\"wpforms[fields][1][last]\" placeholder=\"Nachname\" aria-errormessage=\"wpforms-3783-field_1-last-error\" required><label for=\"wpforms-3783-field_1-last\">Last<\/label><\/fieldset>\n<p><label for=\"wpforms-3783-field_2\">Email address *<\/label><input type=\"email\" id=\"wpforms-3783-field_2\" name=\"wpforms[fields][2]\" placeholder=\"Email\" spellcheck=\"false\" aria-errormessage=\"wpforms-3783-field_2-error\" required><label for=\"wpforms-3783-field_3\">Phone number *<\/label><br \/>\n\t\t\t\t<input type=\"text\" placeholder=\"Telefonnummer\" value=\"\" readonly><br \/>\n\t\t\t<label for=\"wpforms-3783-field_36\">Occasion for the reservation *<\/label><input type=\"text\" id=\"wpforms-3783-field_36\" name=\"wpforms[fields][36]\" placeholder=\"zB: Gesch\u00e4ftsessen, Familienfeier\" aria-errormessage=\"wpforms-3783-field_36-error\" aria-describedby=\"wpforms-3783-field_36-description\" required>Please fill out if your group has 10 or more guests<\/p>\n<fieldset>\n<legend>Preferred payment on site *<\/legend>\n<ul id=\"wpforms-3783-field_7\">\n<li><input type=\"radio\" id=\"wpforms-3783-field_7_1\" name=\"wpforms[fields][7]\" value=\"Total bill\" aria-errormessage=\"wpforms-3783-field_7_1-error\" aria-describedby=\"wpforms-3783-field_7-description\" required ><label for=\"wpforms-3783-field_7_1\">Total bill<\/label><\/li>\n<li><input type=\"radio\" id=\"wpforms-3783-field_7_2\" name=\"wpforms[fields][7]\" value=\"Individual payment\" aria-errormessage=\"wpforms-3783-field_7_2-error\" aria-describedby=\"wpforms-3783-field_7-description\" required ><label for=\"wpforms-3783-field_7_2\">Individual payment<\/label><\/li>\n<\/ul>\n<p>Please fill out if your group has 10 or more guests.<\/fieldset>\n<fieldset>\n<legend>Meal selection *<\/legend>\n<ul id=\"wpforms-3783-field_37\">\n<li><input type=\"radio\" id=\"wpforms-3783-field_37_1\" name=\"wpforms[fields][37]\" value=\"Set menu for all guests\" aria-errormessage=\"wpforms-3783-field_37_1-error\" aria-describedby=\"wpforms-3783-field_37-description\" required ><label for=\"wpforms-3783-field_37_1\">Set menu for all guests<\/label><\/li>\n<li><input type=\"radio\" id=\"wpforms-3783-field_37_2\" name=\"wpforms[fields][37]\" value=\"Selection from a limited menu\" aria-errormessage=\"wpforms-3783-field_37_2-error\" aria-describedby=\"wpforms-3783-field_37-description\" required ><label for=\"wpforms-3783-field_37_2\">Selection from a limited menu<\/label><\/li>\n<\/ul>\n<p>Please fill out if your group has 16 or more guests.<\/fieldset>\n<fieldset>\n<legend>Address (optional)<\/legend>\n<p><input type=\"text\" id=\"wpforms-3783-field_31\" name=\"wpforms[fields][31][address1]\" placeholder=\"Street, No.\" aria-errormessage=\"wpforms-3783-field_31-error\" ><label for=\"wpforms-3783-field_31\">Strasse<\/label><input type=\"text\" id=\"wpforms-3783-field_31-address2\" name=\"wpforms[fields][31][address2]\" placeholder=\"Additional info \/ Company\" aria-errormessage=\"wpforms-3783-field_31-address2-error\" ><label for=\"wpforms-3783-field_31-address2\">Firma<\/label><input type=\"text\" id=\"wpforms-3783-field_31-city\" name=\"wpforms[fields][31][city]\" placeholder=\"City\" aria-errormessage=\"wpforms-3783-field_31-city-error\" ><label for=\"wpforms-3783-field_31-city\">Stadt<\/label><input type=\"text\" id=\"wpforms-3783-field_31-postal\" name=\"wpforms[fields][31][postal]\" placeholder=\"ZIP\" aria-errormessage=\"wpforms-3783-field_31-postal-error\" ><label for=\"wpforms-3783-field_31-postal\">PLZ<\/label><\/fieldset>\n<p><label for=\"wpforms-3783-field_38\" aria-hidden=\"false\">Land<\/label><select id=\"wpforms-3783-field_38\" data-size-class=\"wpforms-field-row wpforms-field-small\" data-search-enabled=\"1\" name=\"wpforms[fields][38]\"><option value=\"\" disabled ><\/option><option value=\"Afghanistan\" >Afghanistan<\/option><option value=\"\u00c4gypten\" >\u00c4gypten<\/option><option value=\"Albanien\" >Albanien<\/option><option value=\"Algerien\" >Algerien<\/option><option value=\"Andorra\" >Andorra<\/option><option value=\"Angola\" >Angola<\/option><option value=\"Antigua und Barbuda\" >Antigua und Barbuda<\/option><option value=\"\u00c4quatorialguinea\" >\u00c4quatorialguinea<\/option><option value=\"Argentinien\" >Argentinien<\/option><option value=\"Armenien\" >Armenien<\/option><option value=\"Aserbaidschan\" >Aserbaidschan<\/option><option value=\"\u00c4thiopien\" >\u00c4thiopien<\/option><option value=\"Australien\" >Australien<\/option><option value=\"Bahamas\" >Bahamas<\/option><option value=\"Bahrain\" >Bahrain<\/option><option value=\"Bangladesch\" >Bangladesch<\/option><option value=\"Barbados\" >Barbados<\/option><option value=\"Belgien\" >Belgien<\/option><option value=\"Belize\" >Belize<\/option><option value=\"Benin\" >Benin<\/option><option value=\"Bhutan\" >Bhutan<\/option><option value=\"Bolivien\" >Bolivien<\/option><option value=\"Bosnien und Herzegowina\" >Bosnien und Herzegowina<\/option><option value=\"Botsuana\" >Botsuana<\/option><option value=\"Brasilien\" >Brasilien<\/option><option value=\"Brunei Darussalam\" >Brunei Darussalam<\/option><option value=\"Bulgarien\" >Bulgarien<\/option><option value=\"Burkina Faso\" >Burkina Faso<\/option><option value=\"Burundi\" >Burundi<\/option><option value=\"Chile\" >Chile<\/option><option value=\"China\" >China<\/option><option value=\"Cookinseln\" >Cookinseln<\/option><option value=\"Costa Rica\" >Costa Rica<\/option><option value=\"C\u00f4te d&#039;Ivoire\" >C\u00f4te d&#039;Ivoire<\/option><option value=\"D\u00e4nemark\" >D\u00e4nemark<\/option><option value=\"Deutschland\"  selected='selected'>Deutschland<\/option><option value=\"Dominica\" >Dominica<\/option><option value=\"Dominikanische Republik\" >Dominikanische Republik<\/option><option value=\"Dschibuti\" >Dschibuti<\/option><option value=\"Ecuador\" >Ecuador<\/option><option value=\"El Salvador\" >El Salvador<\/option><option value=\"Eritrea\" >Eritrea<\/option><option value=\"Estland\" >Estland<\/option><option value=\"Fidschi\" >Fidschi<\/option><option value=\"Finnland\" >Finnland<\/option><option value=\"Frankreich\" >Frankreich<\/option><option value=\"Gabun\" >Gabun<\/option><option value=\"Gambia\" >Gambia<\/option><option value=\"Georgien\" >Georgien<\/option><option value=\"Ghana\" >Ghana<\/option><option value=\"Grenada\" >Grenada<\/option><option value=\"Griechenland\" >Griechenland<\/option><option value=\"Guatemala\" >Guatemala<\/option><option value=\"Guinea\" >Guinea<\/option><option value=\"Guinea-Bissau\" >Guinea-Bissau<\/option><option value=\"Guyana\" >Guyana<\/option><option value=\"Haiti\" >Haiti<\/option><option value=\"Honduras\" >Honduras<\/option><option value=\"Indien\" >Indien<\/option><option value=\"Indonesien\" >Indonesien<\/option><option value=\"Irak\" >Irak<\/option><option value=\"Iran, Islamische Republik\" >Iran, Islamische Republik<\/option><option value=\"Irland\" >Irland<\/option><option value=\"Island\" >Island<\/option><option value=\"Israel\" >Israel<\/option><option value=\"Italien\" >Italien<\/option><option value=\"Jamaika\" >Jamaika<\/option><option value=\"Japan\" >Japan<\/option><option value=\"Jemen\" >Jemen<\/option><option value=\"Jordanien\" >Jordanien<\/option><option value=\"Kambodscha\" >Kambodscha<\/option><option value=\"Kamerun\" >Kamerun<\/option><option value=\"Kanada\" >Kanada<\/option><option value=\"Kap Verde\" >Kap Verde<\/option><option value=\"Kasachstan\" >Kasachstan<\/option><option value=\"Katar\" >Katar<\/option><option value=\"Kenia\" >Kenia<\/option><option value=\"Kirgisistan\" >Kirgisistan<\/option><option value=\"Kiribati\" >Kiribati<\/option><option value=\"Kolumbien\" >Kolumbien<\/option><option value=\"Komoren\" >Komoren<\/option><option value=\"Kongo\" >Kongo<\/option><option value=\"Kongo, Demokratische Republik\" >Kongo, Demokratische Republik<\/option><option value=\"Korea, Demokratische Volksrepublik\" >Korea, Demokratische Volksrepublik<\/option><option value=\"Korea, Republik\" >Korea, Republik<\/option><option value=\"Kroatien\" >Kroatien<\/option><option value=\"Kuba\" >Kuba<\/option><option value=\"Kuwait\" >Kuwait<\/option><option value=\"Laos, Demokratische Volksrepublik\" >Laos, Demokratische Volksrepublik<\/option><option value=\"Lesotho\" >Lesotho<\/option><option value=\"Lettland\" >Lettland<\/option><option value=\"Libanon\" >Libanon<\/option><option value=\"Liberia\" >Liberia<\/option><option value=\"Libysch-Arabische Dschamahirija\" >Libysch-Arabische Dschamahirija<\/option><option value=\"Liechtenstein\" >Liechtenstein<\/option><option value=\"Litauen\" >Litauen<\/option><option value=\"Luxemburg\" >Luxemburg<\/option><option value=\"Madagaskar\" >Madagaskar<\/option><option value=\"Malawi\" >Malawi<\/option><option value=\"Malaysia\" >Malaysia<\/option><option value=\"Malediven\" >Malediven<\/option><option value=\"Mali\" >Mali<\/option><option value=\"Malta\" >Malta<\/option><option value=\"Marokko\" >Marokko<\/option><option value=\"Marshallinseln\" >Marshallinseln<\/option><option value=\"Mauretanien\" >Mauretanien<\/option><option value=\"Mauritius\" >Mauritius<\/option><option value=\"Mazedonien, ehemalige jugoslawische Republik\" >Mazedonien, ehemalige jugoslawische Republik<\/option><option value=\"Mexiko\" >Mexiko<\/option><option value=\"Mikronesien, F\u00f6derierte Staaten von\" >Mikronesien, F\u00f6derierte Staaten von<\/option><option value=\"Moldau, Republik\" >Moldau, Republik<\/option><option value=\"Monaco\" >Monaco<\/option><option value=\"Mongolei\" >Mongolei<\/option><option value=\"Montenegro\" >Montenegro<\/option><option value=\"Mosambik\" >Mosambik<\/option><option value=\"Myanmar\" >Myanmar<\/option><option value=\"Namibia\" >Namibia<\/option><option value=\"Nauru\" >Nauru<\/option><option value=\"Nepal\" >Nepal<\/option><option value=\"Neuseeland\" >Neuseeland<\/option><option value=\"Nicaragua\" >Nicaragua<\/option><option value=\"Niederlande\" >Niederlande<\/option><option value=\"Niger\" >Niger<\/option><option value=\"Nigeria\" >Nigeria<\/option><option value=\"Niue\" >Niue<\/option><option value=\"Norwegen\" >Norwegen<\/option><option value=\"Oman\" >Oman<\/option><option value=\"\u00d6sterreich\" >\u00d6sterreich<\/option><option value=\"Pakistan\" >Pakistan<\/option><option value=\"Palau\" >Palau<\/option><option value=\"Panama\" >Panama<\/option><option value=\"Papua-Neuguinea\" >Papua-Neuguinea<\/option><option value=\"Paraguay\" >Paraguay<\/option><option value=\"Peru\" >Peru<\/option><option value=\"Philippinen\" >Philippinen<\/option><option value=\"Polen\" >Polen<\/option><option value=\"Portugal\" >Portugal<\/option><option value=\"Ruanda\" >Ruanda<\/option><option value=\"Rum\u00e4nien\" >Rum\u00e4nien<\/option><option value=\"Russische F\u00f6deration\" >Russische F\u00f6deration<\/option><option value=\"Salomonen\" >Salomonen<\/option><option value=\"Sambia\" >Sambia<\/option><option value=\"Samoa\" >Samoa<\/option><option value=\"San Marino\" >San Marino<\/option><option value=\"S\u00e3o Tom\u00e9 und Pr\u00edncipe\" >S\u00e3o Tom\u00e9 und Pr\u00edncipe<\/option><option value=\"Saudi-Arabien\" >Saudi-Arabien<\/option><option value=\"Schweden\" >Schweden<\/option><option value=\"Schweiz\" >Schweiz<\/option><option value=\"Senegal\" >Senegal<\/option><option value=\"Serbien\" >Serbien<\/option><option value=\"Seychellen\" >Seychellen<\/option><option value=\"Sierra Leone\" >Sierra Leone<\/option><option value=\"Simbabwe\" >Simbabwe<\/option><option value=\"Singapur\" >Singapur<\/option><option value=\"Slowakei\" >Slowakei<\/option><option value=\"Slowenien\" >Slowenien<\/option><option value=\"Somalia\" >Somalia<\/option><option value=\"Spanien\" >Spanien<\/option><option value=\"Sri Lanka\" >Sri Lanka<\/option><option value=\"St. Kitts und Nevis\" >St. Kitts und Nevis<\/option><option value=\"St. Lucia\" >St. Lucia<\/option><option value=\"St. Vincent und die Grenadinen\" >St. Vincent und die Grenadinen<\/option><option value=\"S\u00fcdafrika\" >S\u00fcdafrika<\/option><option value=\"Sudan\" >Sudan<\/option><option value=\"Suriname\" >Suriname<\/option><option value=\"Swasiland\" >Swasiland<\/option><option value=\"Syrien, Arabische Republik\" >Syrien, Arabische Republik<\/option><option value=\"Tadschikistan\" >Tadschikistan<\/option><option value=\"Tansania, Vereinigte Republik\" >Tansania, Vereinigte Republik<\/option><option value=\"Thailand\" >Thailand<\/option><option value=\"Timor-Leste\" >Timor-Leste<\/option><option value=\"Togo\" >Togo<\/option><option value=\"Tonga\" >Tonga<\/option><option value=\"Trinidad und Tobago\" >Trinidad und Tobago<\/option><option value=\"Tschad\" >Tschad<\/option><option value=\"Tschechische Republik\" >Tschechische Republik<\/option><option value=\"Tunesien\" >Tunesien<\/option><option value=\"T\u00fcrkei\" >T\u00fcrkei<\/option><option value=\"Turkmenistan\" >Turkmenistan<\/option><option value=\"Tuvalu\" >Tuvalu<\/option><option value=\"Uganda\" >Uganda<\/option><option value=\"Ukraine\" >Ukraine<\/option><option value=\"Ungarn\" >Ungarn<\/option><option value=\"Uruguay\" >Uruguay<\/option><option value=\"Usbekistan\" >Usbekistan<\/option><option value=\"Vanuatu\" >Vanuatu<\/option><option value=\"Vatikanstadt\" >Vatikanstadt<\/option><option value=\"Venezuela\" >Venezuela<\/option><option value=\"Vereinigte Arabische Emirate\" >Vereinigte Arabische Emirate<\/option><option value=\"Vereinigte Staaten\" >Vereinigte Staaten<\/option><option value=\"Vereinigtes K\u00f6nigreich\" >Vereinigtes K\u00f6nigreich<\/option><option value=\"Vietnam\" >Vietnam<\/option><option value=\"Wei\u00dfrussland\" >Wei\u00dfrussland<\/option><option value=\"Zentralafrikanische Republik\" >Zentralafrikanische Republik<\/option><option value=\"Zypern\" >Zypern<\/option><\/select><label for=\"wpforms-3783-field_9\">Notes<\/label><textarea id=\"wpforms-3783-field_9\" name=\"wpforms[fields][9]\" placeholder=\"Ihre Nachricht\" aria-errormessage=\"wpforms-3783-field_9-error\" ><\/textarea><label>GDPR consent *<\/label><\/p>\n<ul id=\"wpforms-3783-field_45\">\n<li><input type=\"checkbox\" id=\"wpforms-3783-field_45_1\" name=\"wpforms[fields][45][]\" value=\"I consent to this website storing my submitted information so that my request can be processed.\" aria-errormessage=\"wpforms-3783-field_45_1-error\" required ><label for=\"wpforms-3783-field_45_1\">I consent to this website storing my submitted information so that my request can be processed.<\/label><\/li>\n<\/ul>\n<p><!-- .wpforms-field-container --><input type=\"hidden\" name=\"wpforms[id]\" value=\"3783\">\t\t\t<input\n\t\t\t\ttype=\"hidden\"\n\t\t\t\tname=\"wpforms[nonce]\"\n\t\t\t\tvalue=\"0c052de9fd\"\n\t\t\t\/><br \/>\n\t\t\t<input type=\"hidden\" name=\"page_title\" value=\"{page_title}\"><input type=\"hidden\" name=\"page_url\" value=\"http:\/\/page_url\"><input type=\"hidden\" name=\"url_referer\" value=\"http:\/\/url_referer\"><button type=\"submit\" name=\"wpforms[submit]\" id=\"wpforms-submit-3783\" data-alt-text=\"Sending...\" data-submit-text=\"Non-binding request\" aria-live=\"assertive\" value=\"wpforms-submit\">Non-binding request<\/button><img decoding=\"async\" src=\"https:\/\/www.hotelloewen.de\/wp-content\/plugins\/wpforms\/assets\/images\/submit-spin.svg\" style=\"display: none;\" width=\"26\" height=\"26\" alt=\"Loading\"><\/form>\n<p>  <!-- .wpforms-container --><\/p>\n","protected":false},"excerpt":{"rendered":"<p>Request a Table Reservation Please enable JavaScript in your browser to complete this form.Please enable JavaScript in your browser to complete this form.Date *Time *Number of guests *Salutation AnredeMr.Mrs.Gender-neutral salutationTitelTitelDr.Prof.Prof. Dr. Name * FirstLast Email address *Phone number * Occasion for the reservation *Please fill out if your group has 10 or more guests Preferred payment on site * Total bill Individual payment Please fill out if your group has<\/p>\n<p><a class=\"more-link\" href=\"https:\/\/www.hotelloewen.de\/en\/anfrage-tischreservierung\/\">Read More<\/a><\/p>\n","protected":false},"author":1,"featured_media":0,"parent":0,"menu_order":0,"comment_status":"closed","ping_status":"closed","template":"elementor_header_footer","meta":{"footnotes":""},"class_list":["post-1973","page","type-page","status-publish","hentry"],"translation":{"provider":"WPGlobus","version":"3.0.2","language":"en","enabled_languages":["de","en"],"languages":{"de":{"title":true,"content":true,"excerpt":false},"en":{"title":true,"content":true,"excerpt":false}}},"_links":{"self":[{"href":"https:\/\/www.hotelloewen.de\/en\/wp-json\/wp\/v2\/pages\/1973","targetHints":{"allow":["GET"]}}],"collection":[{"href":"https:\/\/www.hotelloewen.de\/en\/wp-json\/wp\/v2\/pages"}],"about":[{"href":"https:\/\/www.hotelloewen.de\/en\/wp-json\/wp\/v2\/types\/page"}],"author":[{"embeddable":true,"href":"https:\/\/www.hotelloewen.de\/en\/wp-json\/wp\/v2\/users\/1"}],"replies":[{"embeddable":true,"href":"https:\/\/www.hotelloewen.de\/en\/wp-json\/wp\/v2\/comments?post=1973"}],"version-history":[{"count":17,"href":"https:\/\/www.hotelloewen.de\/en\/wp-json\/wp\/v2\/pages\/1973\/revisions"}],"predecessor-version":[{"id":3790,"href":"https:\/\/www.hotelloewen.de\/en\/wp-json\/wp\/v2\/pages\/1973\/revisions\/3790"}],"wp:attachment":[{"href":"https:\/\/www.hotelloewen.de\/en\/wp-json\/wp\/v2\/media?parent=1973"}],"curies":[{"name":"wp","href":"https:\/\/api.w.org\/{rel}","templated":true}]}}