{"id":149,"date":"2022-09-21T11:36:40","date_gmt":"2022-09-21T09:36:40","guid":{"rendered":"http:\/\/beta.hotelloewen.de\/?page_id=149"},"modified":"2025-07-30T11:30:06","modified_gmt":"2025-07-30T09:30:06","slug":"ueber-uns","status":"publish","type":"page","link":"https:\/\/www.hotelloewen.de\/en\/ueber-uns\/","title":{"rendered":"History &#8211; About us"},"content":{"rendered":"<p><!-- Main heading --><\/p>\n<h2 style=\"font-size: 2.4rem; color: #9c3d1d; font-weight: 500; border-bottom: 2px solid #ccc; padding-bottom: 10px; margin-bottom: 30px; text-align: center; letter-spacing: 0.5px;\">Tradition Meets Passion<\/h2>\n<figure><img decoding=\"async\" src=\"https:\/\/www.hotelloewen.de\/wp-content\/uploads\/2023\/01\/Loewen-Hausansicht-edited-250x250.png\" alt=\"L\u00f6wen Hausansicht\" \/><\/figure>\n<figure><img decoding=\"async\" src=\"https:\/\/www.hotelloewen.de\/wp-content\/uploads\/2023\/01\/Loewen-Kutsche-edited-250x250.jpg\" alt=\"L\u00f6wen Kutsche\" \/><\/figure>\n<figure><img decoding=\"async\" src=\"https:\/\/www.hotelloewen.de\/wp-content\/uploads\/2023\/01\/Scannen0001-edited-250x250.jpg\" alt=\"Scannen0001\" \/><\/figure>\n<figure><img decoding=\"async\" src=\"https:\/\/www.hotelloewen.de\/wp-content\/uploads\/2023\/01\/Scannen0002-edited-250x250.jpg\" alt=\"Scannen0002\" \/><\/figure>\n<h3 style=\"font-size: 1.5rem; color: #333; font-weight: 500; margin-bottom: 15px; border-left: 4px solid #9c3d1d; padding-left: 12px;\">\n    <strong>House &#8220;Zum Wasservogel&#8221; \u2013 Gasthaus L\u00f6wen<\/strong><br \/>\n  <\/h3>\n<p>Herrenstra\u00dfe 47 \u2013 formerly Pfaffengasse No. 583 (formerly 383)<\/p>\n<p>&nbsp;<\/p>\n<p>The present-day Gasthaus L\u00f6wen was first mentioned in 1460 as the house &#8220;Zum Wasservogel&#8221;.<\/p>\n<p>Through the centuries, it was a typical craftsmen&#8217;s house. Between 1789 and 1810, Michael Eckstein briefly operated a &#8220;Kranzwirtschaft&#8221; here (a predecessor of today&#8217;s seasonal wine taverns known as &#8220;Strau\u00dfenwirtschaften&#8221;). Afterwards, it was the home of hatters and shoemakers, before the M\u00fcnster sexton (Me\u00dfmer) Michael Hauser moved in in 1829. Between 1845 and 1879, it belonged to the cooper family Meier and temporarily housed the bookstore of Gustav B\u00fchler, followed by the grocery store of Karl Wangler.<\/p>\n<p>&nbsp;<\/p>\n<p>In 1880, the era of the innkeeping began with Dominik M\u00fcller, who was also a coppersmith.<\/p>\n<p>&nbsp;<\/p>\n<p>In 1904, it initially operated under the name Gasthaus &#8220;Zum Kamel&#8221;, before being renamed &#8220;L\u00f6wenbr\u00e4ust\u00fcble&#8221; in 1928 and finally &#8220;Gasthaus Zum L\u00f6wen&#8221; in 1931. Since 1941, the inn has also offered some hotel rooms to its guests.<\/p>\n<p>&nbsp;<\/p>\n<p>For many years, L\u00f6wen was the only inn in the city center offering warm meals after midnight \u2013 the pork knuckles are still well known today \u2013 and especially many artists and actors have used and continue to use this offer after their performances and concerts.<\/p>\n<p style=\"background-color: #f9f9f9; border-left: 4px solid lightgrey; padding: 15px; margin-left: 20px; margin-top: 20px; text-align: right;\">\n    TEXT: Supported as part of the city anniversary by the City of Freiburg. \u2022 Image credit: City Archive Freiburg, Rolf Bauer<br \/>\n    \u2022 Concept, text and design: Christian and Iso Himmelsbach, artforum3 \u00a92020\n  <\/p>\n<h3 style=\"font-size: 1.5rem; color: #333; font-weight: 500; margin-bottom: 15px; border-left: 4px solid #9c3d1d; padding-left: 12px;\">\n    <strong>The &#8220;L\u00f6wen Guestbook&#8221;<\/strong><br \/>\n  <\/h3>\n<p>  A small excerpt from our guestbook since 1970<br \/>\n\t\t\t\t\t<a href=\"https:\/\/www.hotelloewen.de\/img\/gaestebuch\/eintraege\/Bacchus_Castanidi.png\" data-lightbox=\"gaestebuch\" data-title=\"Bacchus Castanidi\"><br \/>\n<img decoding=\"async\" src=\"https:\/\/www.hotelloewen.de\/img\/gaestebuch\/Bacchus_Castanidi.png\" alt=\"Bacchus Castanidi\" longdesc=\"Bacchus Castanidi\" width=\"\" height=\"100px\"><br \/>\n      Bacchus Castanidi<\/a><br \/>\n<img decoding=\"async\" src=\"https:\/\/www.hotelloewen.de\/img\/gaestebuch\/Bernhard_Dietz.png\" alt=\"Bernhard Dietz\" longdesc=\"Bernhard Dietz\" width=\"\" height=\"100px\"><br \/>\n      Bernhard Dietz<br \/>\n<a href=\"https:\/\/www.hotelloewen.de\/img\/gaestebuch\/eintraege\/Betty_BBQ.png\" data-lightbox=\"gaestebuch\" data-title=\"Betty BBQ\"><br \/>\n<img decoding=\"async\" src=\"https:\/\/www.hotelloewen.de\/img\/gaestebuch\/Betty_BBQ.png\" alt=\"Betty BBQ\" longdesc=\"Betty BBQ\" width=\"\" height=\"100px\"><br \/>\n      Betty BBQ<\/a><br \/>\n<a href=\"https:\/\/www.hotelloewen.de\/img\/gaestebuch\/eintraege\/Carl-Einar_Haeckner.png\" data-lightbox=\"gaestebuch\" data-title=\"Carl-Einar Haeckner\"><br \/>\n<img decoding=\"async\" src=\"https:\/\/www.hotelloewen.de\/img\/gaestebuch\/Carl-Einar_Haeckner.png\" alt=\"Carl-Einar Haeckner\" longdesc=\"Carl-Einar Haeckner\" width=\"\" height=\"100px\"><br \/>\n      Carl-Einar Haeckner<\/a><br \/>\n<a href=\"https:\/\/www.hotelloewen.de\/img\/gaestebuch\/eintraege\/Caveman.png\" data-lightbox=\"gaestebuch\" data-title=\"Caveman\"><br \/>\n<img decoding=\"async\" src=\"https:\/\/www.hotelloewen.de\/img\/gaestebuch\/Caveman.png\" alt=\"Caveman\" longdesc=\"Caveman\" width=\"\" height=\"100px\"><br \/>\n      Caveman<\/a><br \/>\n<a href=\"https:\/\/www.hotelloewen.de\/img\/gaestebuch\/eintraege\/Chris_de_Burgh.png\" data-lightbox=\"gaestebuch\" data-title=\"Chris de Burgh\"><br \/>\n<img decoding=\"async\" src=\"https:\/\/www.hotelloewen.de\/img\/gaestebuch\/Chris_de_Burgh.png\" alt=\"Chris de Burgh\" longdesc=\"Chris de Burgh\" width=\"\" height=\"100px\"><br \/>\n      Chris de Burgh<\/a><br \/>\n<a href=\"https:\/\/www.hotelloewen.de\/img\/gaestebuch\/eintraege\/Die_Cappuccinos.png\" data-lightbox=\"gaestebuch\" data-title=\"Die Cappuccinos\"><br \/>\n<img decoding=\"async\" src=\"https:\/\/www.hotelloewen.de\/img\/gaestebuch\/Die_Cappuccinos.png\" alt=\"Die Cappuccinos\" longdesc=\"Die Cappuccinos\" width=\"\" height=\"100px\"><br \/>\n      Die Cappuccinos<\/a><br \/>\n<a href=\"https:\/\/www.hotelloewen.de\/img\/gaestebuch\/eintraege\/Dieter_Hallervorden.png\" data-lightbox=\"gaestebuch\" data-title=\"Dieter Hallervorden\"><br \/>\n<img decoding=\"async\" src=\"https:\/\/www.hotelloewen.de\/img\/gaestebuch\/Dieter_Hallervorden.png\" alt=\"Dieter Hallervorden\" longdesc=\"Dieter Hallervorden\" width=\"\" height=\"100px\"><br \/>\n      Dieter Hallervorden<\/a><br \/>\n<a href=\"https:\/\/www.hotelloewen.de\/img\/gaestebuch\/eintraege\/Dietrich_Kittner.png\" data-lightbox=\"gaestebuch\" data-title=\"Dietrich Kittner\"><br \/>\n<img decoding=\"async\" src=\"https:\/\/www.hotelloewen.de\/img\/gaestebuch\/Dietrich_Kittner.png\" alt=\"Dietrich Kittner\" longdesc=\"Dietrich Kittner\" width=\"\" height=\"100px\"><br \/>\n      Dietrich Kittner<\/a><br \/>\n<a href=\"https:\/\/www.hotelloewen.de\/img\/gaestebuch\/eintraege\/Familie_Traber.png\" data-lightbox=\"gaestebuch\" data-title=\"Familie Traber\"><br \/>\n<img decoding=\"async\" src=\"https:\/\/www.hotelloewen.de\/img\/gaestebuch\/Familie_Traber.png\" alt=\"Familie Traber\" longdesc=\"Familie Traber\" width=\"\" height=\"100px\"><br \/>\n      Familie Traber<\/a><br \/>\n<img decoding=\"async\" src=\"https:\/\/www.hotelloewen.de\/img\/gaestebuch\/Fidelius_Waldvogel.png\" alt=\"Fidelius Waldvogel\" longdesc=\"Fidelius Waldvogel\" width=\"\" height=\"100px\"><br \/>\n      Fidelius Waldvogel<br \/>\n<a href=\"https:\/\/www.hotelloewen.de\/img\/gaestebuch\/eintraege\/Grieni_Hind.png\" data-lightbox=\"gaestebuch\" data-title=\"Grieni Hind\"><br \/>\n<img decoding=\"async\" src=\"https:\/\/www.hotelloewen.de\/img\/gaestebuch\/Grieni_Hind.png\" alt=\"Grieni Hind\" longdesc=\"Grieni Hind\" width=\"\" height=\"100px\"><br \/>\n      Grieni Hind<\/a><br \/>\n<a href=\"https:\/\/www.hotelloewen.de\/img\/gaestebuch\/eintraege\/Gunter_Gabriel.png\" data-lightbox=\"gaestebuch\" data-title=\"Gunter Gabriel\"><br \/>\n<img decoding=\"async\" src=\"https:\/\/www.hotelloewen.de\/img\/gaestebuch\/Gunter_Gabriel.png\" alt=\"Gunter Gabriel\" longdesc=\"Gunter Gabriel\" width=\"\" height=\"100px\"><br \/>\n      Gunter Gabriel<\/a><br \/>\n<a href=\"https:\/\/www.hotelloewen.de\/img\/gaestebuch\/eintraege\/G\u00f6tz_Alsmann.png\" data-lightbox=\"gaestebuch\" data-title=\"G\u00f6tz Alsmann\"><br \/>\n<img decoding=\"async\" src=\"https:\/\/www.hotelloewen.de\/img\/gaestebuch\/G\u00f6tz_Alsmann.png\" alt=\"G\u00f6tz Alsmann\" longdesc=\"G\u00f6tz Alsmann\" width=\"\" height=\"100px\"><br \/>\n      G\u00f6tz Alsmann<\/a><br \/>\n<a href=\"https:\/\/www.hotelloewen.de\/img\/gaestebuch\/eintraege\/G\u00fcnther_Schrempp.png\" data-lightbox=\"gaestebuch\" data-title=\"G\u00fcnther Schrempp\"><br \/>\n<img decoding=\"async\" src=\"https:\/\/www.hotelloewen.de\/img\/gaestebuch\/G\u00fcnther_Schrempp.png\" alt=\"G\u00fcnther Schrempp\" longdesc=\"G\u00fcnther Schrempp\" width=\"\" height=\"100px\"><br \/>\n      G\u00fcnther Schrempp<\/a><br \/>\n<a href=\"https:\/\/www.hotelloewen.de\/img\/gaestebuch\/eintraege\/Hans_G\u00fcnther_van_Look.png\" data-lightbox=\"gaestebuch\" data-title=\"Hans G\u00fcnther van Look\"><br \/>\n<img decoding=\"async\" src=\"https:\/\/www.hotelloewen.de\/img\/gaestebuch\/Hans_G\u00fcnther_van_Look.png\" alt=\"Hans G\u00fcnther van Look\" longdesc=\"Hans G\u00fcnther van Look\" width=\"\" height=\"100px\"><br \/>\n      Hans G\u00fcnther van Look<\/a><br \/>\n<img decoding=\"async\" src=\"https:\/\/www.hotelloewen.de\/img\/gaestebuch\/Historix-Tours.png\" alt=\"Historix-Tours\" longdesc=\"Historix-Tours\" width=\"\" height=\"100px\"><br \/>\n      Historix-Tours<br \/>\n<a href=\"https:\/\/www.hotelloewen.de\/img\/gaestebuch\/eintraege\/Konstantin_Wecker.png\" data-lightbox=\"gaestebuch\" data-title=\"Konstantin Wecker\"><br \/>\n<img decoding=\"async\" src=\"https:\/\/www.hotelloewen.de\/img\/gaestebuch\/Konstantin_Wecker.png\" alt=\"Konstantin Wecker\" longdesc=\"Konstantin Wecker\" width=\"\" height=\"100px\"><br \/>\n      Konstantin Wecker<\/a><br \/>\n<a href=\"https:\/\/www.hotelloewen.de\/img\/gaestebuch\/eintraege\/Kurt_Kr\u00f6mer.png\" data-lightbox=\"gaestebuch\" data-title=\"Kurt Kr\u00f6mer\"><br \/>\n<img decoding=\"async\" src=\"https:\/\/www.hotelloewen.de\/img\/gaestebuch\/Kurt_Kr\u00f6mer.png\" alt=\"Kurt Kr\u00f6mer\" longdesc=\"Kurt Kr\u00f6mer\" width=\"\" height=\"100px\"><br \/>\n      Kurt Kr\u00f6mer<\/a><br \/>\n<a href=\"https:\/\/www.hotelloewen.de\/img\/gaestebuch\/eintraege\/Lionel_Hampton.png\" data-lightbox=\"gaestebuch\" data-title=\"Lionel Hampton\"><br \/>\n<img decoding=\"async\" src=\"https:\/\/www.hotelloewen.de\/img\/gaestebuch\/Lionel_Hampton.png\" alt=\"Lionel Hampton\" longdesc=\"Lionel Hampton\" width=\"\" height=\"100px\"><br \/>\n      Lionel Hampton<\/a><br \/>\n<a href=\"https:\/\/www.hotelloewen.de\/img\/gaestebuch\/eintraege\/Mareike_Fell.png\" data-lightbox=\"gaestebuch\" data-title=\"Mareike Fell\"><br \/>\n<img decoding=\"async\" src=\"https:\/\/www.hotelloewen.de\/img\/gaestebuch\/Mareike_Fell.png\" alt=\"Mareike Fell\" longdesc=\"Mareike Fell\" width=\"\" height=\"100px\"><br \/>\n      Mareike Fell<\/a><br \/>\n<a href=\"https:\/\/www.hotelloewen.de\/img\/gaestebuch\/eintraege\/Martin_Schmitt.png\" data-lightbox=\"gaestebuch\" data-title=\"Martin Schmitt\"><br \/>\n<img decoding=\"async\" src=\"https:\/\/www.hotelloewen.de\/img\/gaestebuch\/Martin_Schmitt.png\" alt=\"Martin Schmitt\" longdesc=\"Martin Schmitt\" width=\"\" height=\"100px\"><br \/>\n      Martin Schmitt<\/a><br \/>\n<a href=\"https:\/\/www.hotelloewen.de\/img\/gaestebuch\/eintraege\/Neue_Deutsche_Welle_-_NDW.png\" data-lightbox=\"gaestebuch\" data-title=\"Neue Deutsche Welle - NDW\"><br \/>\n<img decoding=\"async\" src=\"https:\/\/www.hotelloewen.de\/img\/gaestebuch\/Neue_Deutsche_Welle_-_NDW.png\" alt=\"Neue Deutsche Welle - NDW\" longdesc=\"Neue Deutsche Welle - NDW\" width=\"\" height=\"100px\"><br \/>\n      Neue Deutsche Welle &#8211; NDW<\/a><br \/>\n<a href=\"https:\/\/www.hotelloewen.de\/img\/gaestebuch\/eintraege\/OTTO_Walkes.png\" data-lightbox=\"gaestebuch\" data-title=\"OTTO Walkes\"><br \/>\n<img decoding=\"async\" src=\"https:\/\/www.hotelloewen.de\/img\/gaestebuch\/OTTO_Walkes.png\" alt=\"OTTO Walkes\" longdesc=\"OTTO Walkes\" width=\"\" height=\"100px\"><br \/>\n      OTTO Walkes<\/a><br \/>\n<a href=\"https:\/\/www.hotelloewen.de\/img\/gaestebuch\/eintraege\/Oleg_Popov.png\" data-lightbox=\"gaestebuch\" data-title=\"Oleg Popov\"><br \/>\n<img decoding=\"async\" src=\"https:\/\/www.hotelloewen.de\/img\/gaestebuch\/Oleg_Popov.png\" alt=\"Oleg Popov\" longdesc=\"Oleg Popov\" width=\"\" height=\"100px\"><br \/>\n      Oleg Popov<\/a><br \/>\n<a href=\"https:\/\/www.hotelloewen.de\/img\/gaestebuch\/eintraege\/Oliver_Kalkofe.png\" data-lightbox=\"gaestebuch\" data-title=\"Oliver Kalkofe\"><br \/>\n<img decoding=\"async\" src=\"https:\/\/www.hotelloewen.de\/img\/gaestebuch\/Oliver_Kalkofe.png\" alt=\"Oliver Kalkofe\" longdesc=\"Oliver Kalkofe\" width=\"\" height=\"100px\"><br \/>\n      Oliver Kalkofe<\/a><br \/>\n<a href=\"https:\/\/www.hotelloewen.de\/img\/gaestebuch\/eintraege\/Ottfried_Fischer.png\" data-lightbox=\"gaestebuch\" data-title=\"Ottfried Fischer\"><br \/>\n<img decoding=\"async\" src=\"https:\/\/www.hotelloewen.de\/img\/gaestebuch\/Ottfried_Fischer.png\" alt=\"Ottfried Fischer\" longdesc=\"Ottfried Fischer\" width=\"\" height=\"100px\"><br \/>\n      Ottfried Fischer<\/a><br \/>\n<a href=\"https:\/\/www.hotelloewen.de\/img\/gaestebuch\/eintraege\/Papa_Roach.png\" data-lightbox=\"gaestebuch\" data-title=\"Papa Roach\"><br \/>\n<img decoding=\"async\" src=\"https:\/\/www.hotelloewen.de\/img\/gaestebuch\/Papa_Roach.png\" alt=\"Papa Roach\" longdesc=\"Papa Roach\" width=\"\" height=\"100px\"><br \/>\n      Papa Roach<\/a><br \/>\n<a href=\"https:\/\/www.hotelloewen.de\/img\/gaestebuch\/eintraege\/Paul_Kuhn_Trio.png\" data-lightbox=\"gaestebuch\" data-title=\"Paul Kuhn Trio\"><br \/>\n<img decoding=\"async\" src=\"https:\/\/www.hotelloewen.de\/img\/gaestebuch\/Paul_Kuhn_Trio.png\" alt=\"Paul Kuhn Trio\" longdesc=\"Paul Kuhn Trio\" width=\"\" height=\"100px\"><br \/>\n      Paul Kuhn Trio<\/a><br \/>\n<img decoding=\"async\" src=\"https:\/\/www.hotelloewen.de\/img\/gaestebuch\/Peter_Alexander.png\" alt=\"Peter Alexander\" longdesc=\"Peter Alexander\" width=\"\" height=\"100px\"><br \/>\n      Peter Alexander<br \/>\n<a href=\"https:\/\/www.hotelloewen.de\/img\/gaestebuch\/eintraege\/Robert-Alexander_Bohnke.png\" data-lightbox=\"gaestebuch\" data-title=\"Robert-Alexander Bohnke\"><br \/>\n<img decoding=\"async\" src=\"https:\/\/www.hotelloewen.de\/img\/gaestebuch\/Robert-Alexander_Bohnke.png\" alt=\"Robert-Alexander Bohnke\" longdesc=\"Robert-Alexander Bohnke\" width=\"\" height=\"100px\"><br \/>\n      Robert-Alexander Bohnke<\/a><br \/>\n<a href=\"https:\/\/www.hotelloewen.de\/img\/gaestebuch\/eintraege\/Roh_Kwan_Kyu.png\" data-lightbox=\"gaestebuch\" data-title=\"Roh Kwan Kyu\"><br \/>\n<img decoding=\"async\" src=\"https:\/\/www.hotelloewen.de\/img\/gaestebuch\/Roh_Kwan_Kyu.png\" alt=\"Roh Kwan Kyu\" longdesc=\"Roh Kwan Kyu\" width=\"\" height=\"100px\"><br \/>\n      Roh Kwan Kyu<\/a><br \/>\n<a href=\"https:\/\/www.hotelloewen.de\/img\/gaestebuch\/eintraege\/Soumaila_Coulibaly.png\" data-lightbox=\"gaestebuch\" data-title=\"Soumaila Coulibaly\"><br \/>\n<img decoding=\"async\" src=\"https:\/\/www.hotelloewen.de\/img\/gaestebuch\/Soumaila_Coulibaly.png\" alt=\"Soumaila Coulibaly\" longdesc=\"Soumaila Coulibaly\" width=\"\" height=\"100px\"><br \/>\n      Soumaila Coulibaly<\/a><br \/>\n<a href=\"https:\/\/www.hotelloewen.de\/img\/gaestebuch\/eintraege\/Spencer_Davis.png\" data-lightbox=\"gaestebuch\" data-title=\"Spencer Davis\"><br \/>\n<img decoding=\"async\" src=\"https:\/\/www.hotelloewen.de\/img\/gaestebuch\/Spencer_Davis.png\" alt=\"Spencer Davis\" longdesc=\"Spencer Davis\" width=\"\" height=\"100px\"><br \/>\n      Spencer Davis<\/a><br \/>\n<a href=\"https:\/\/www.hotelloewen.de\/img\/gaestebuch\/eintraege\/Thomas_Metzen.png\" data-lightbox=\"gaestebuch\" data-title=\"Thomas Metzen\"><br \/>\n<img decoding=\"async\" src=\"https:\/\/www.hotelloewen.de\/img\/gaestebuch\/Thomas_Metzen.png\" alt=\"Thomas Metzen\" longdesc=\"Thomas Metzen\" width=\"\" height=\"100px\"><br \/>\n      Thomas Metzen<\/a><br \/>\n<a href=\"https:\/\/www.hotelloewen.de\/img\/gaestebuch\/eintraege\/Tony_Marshall.png\" data-lightbox=\"gaestebuch\" data-title=\"Tony Marshall\"><br \/>\n<img decoding=\"async\" src=\"https:\/\/www.hotelloewen.de\/img\/gaestebuch\/Tony_Marshall.png\" alt=\"Tony Marshall\" longdesc=\"Tony Marshall\" width=\"\" height=\"100px\"><br \/>\n      Tony Marshall<\/a><br \/>\n<a href=\"https:\/\/www.hotelloewen.de\/img\/gaestebuch\/eintraege\/Udo_J\u00fcrgens.png\" data-lightbox=\"gaestebuch\" data-title=\"Udo J\u00fcrgens\"><br \/>\n<img decoding=\"async\" src=\"https:\/\/www.hotelloewen.de\/img\/gaestebuch\/Udo_J\u00fcrgens.png\" alt=\"Udo J\u00fcrgens\" longdesc=\"Udo J\u00fcrgens\" width=\"\" height=\"100px\"><br \/>\n      Udo J\u00fcrgens<\/a><br \/>\n<a href=\"https:\/\/www.hotelloewen.de\/img\/gaestebuch\/eintraege\/Udo_Lindenberg.png\" data-lightbox=\"gaestebuch\" data-title=\"Udo Lindenberg\"><br \/>\n<img decoding=\"async\" src=\"https:\/\/www.hotelloewen.de\/img\/gaestebuch\/Udo_Lindenberg.png\" alt=\"Udo Lindenberg\" longdesc=\"Udo Lindenberg\" width=\"\" height=\"100px\"><br \/>\n      Udo Lindenberg<\/a><br \/>\n<a href=\"https:\/\/www.hotelloewen.de\/img\/gaestebuch\/eintraege\/Wolf_Biermann.png\" data-lightbox=\"gaestebuch\" data-title=\"Wolf Biermann\"><br \/>\n<img decoding=\"async\" src=\"https:\/\/www.hotelloewen.de\/img\/gaestebuch\/Wolf_Biermann.png\" alt=\"Wolf Biermann\" longdesc=\"Wolf Biermann\" width=\"\" height=\"100px\"><br \/>\n      Wolf Biermann<\/a><\/p>\n<p>and many, many more&#8230;\t\t\t\t<\/p>\n<h3 style=\"font-size: 1.5rem; color: #333; font-weight: 500; margin-bottom: 15px; border-left: 4px solid #9c3d1d; padding-left: 12px;\">\n    <strong>LSBTIQ* Friendly \u2013 Queerfriendly Hotel &amp; Restaurant<\/strong><br \/>\n  <\/h3>\n<p>  Dear guests and visitors of this website,<br \/>\n  We would like to express clearly that we are an LSBTIQ* friendly establishment. That means for us:<br \/>\n  \u2022 All guests are treated with the same appreciation \u2013 regardless of gender, nationality, ethnic background or religion, disability, age, sexual orientation, or identity.<br \/>\n  \u2022 We are socially engaged and support groups participating in the CSD (Pride events).<br \/>\n  \u2022 We foster a work environment based on respect and tolerance for all our employees.<br \/>\n  \u2022 We offer target-group-specific services for the LGBTQ community. Please inquire at reception or check the flyer display.<br \/>\n  We would also like to thank Betty BBQ (https:\/\/betty-bbq.com\/) for the past and future cooperation.<\/p>\n<figure><img decoding=\"async\" src=\"https:\/\/hotelloewen.de\/img\/layout\/LGBTIQ_Logo.png\" alt=\"\" \/><\/figure>\n<p style=\"background-color: #f9f9f9; border-left: 4px solid lightgrey; padding: 15px; margin-left: 20px; margin-top: 20px; text-align: right;\">\n    LGBT (also GLBT, LGBTI, LSBTTIQ and other variations) is an abbreviation originating from the English-speaking world for Lesbian, Gay, Bisexual, and Transgender.<br \/>\n    Source: Article &#8220;LGBT&#8221;. In: Wikipedia, The Free Encyclopedia. Revision as of May 24, 2018, 07:55 UTC.<br \/>\n    URL: https:\/\/de.wikipedia.org\/w\/index.php?title=LGBT&amp;oldid=177702798 (Accessed: June 6, 2018, 05:24 UTC)\n  <\/p>\n","protected":false},"excerpt":{"rendered":"<p>Tradition Meets Passion House &#8220;Zum Wasservogel&#8221; \u2013 Gasthaus L\u00f6wen Herrenstra\u00dfe 47 \u2013 formerly Pfaffengasse No. 583 (formerly 383) &nbsp; The present-day Gasthaus L\u00f6wen was first mentioned in 1460 as the house &#8220;Zum Wasservogel&#8221;. Through the centuries, it was a typical craftsmen&#8217;s house. Between 1789 and 1810, Michael Eckstein briefly operated a &#8220;Kranzwirtschaft&#8221; here (a predecessor of today&#8217;s seasonal wine taverns known as &#8220;Strau\u00dfenwirtschaften&#8221;). Afterwards, it was the home of hatters<\/p>\n<p><a class=\"more-link\" href=\"https:\/\/www.hotelloewen.de\/en\/ueber-uns\/\">Read More<\/a><\/p>\n","protected":false},"author":1,"featured_media":0,"parent":0,"menu_order":5,"comment_status":"closed","ping_status":"closed","template":"elementor_header_footer","meta":{"footnotes":""},"class_list":["post-149","page","type-page","status-publish","hentry"],"translation":{"provider":"WPGlobus","version":"3.0.2","language":"en","enabled_languages":["de","en"],"languages":{"de":{"title":true,"content":true,"excerpt":false},"en":{"title":true,"content":true,"excerpt":false}}},"_links":{"self":[{"href":"https:\/\/www.hotelloewen.de\/en\/wp-json\/wp\/v2\/pages\/149","targetHints":{"allow":["GET"]}}],"collection":[{"href":"https:\/\/www.hotelloewen.de\/en\/wp-json\/wp\/v2\/pages"}],"about":[{"href":"https:\/\/www.hotelloewen.de\/en\/wp-json\/wp\/v2\/types\/page"}],"author":[{"embeddable":true,"href":"https:\/\/www.hotelloewen.de\/en\/wp-json\/wp\/v2\/users\/1"}],"replies":[{"embeddable":true,"href":"https:\/\/www.hotelloewen.de\/en\/wp-json\/wp\/v2\/comments?post=149"}],"version-history":[{"count":90,"href":"https:\/\/www.hotelloewen.de\/en\/wp-json\/wp\/v2\/pages\/149\/revisions"}],"predecessor-version":[{"id":4228,"href":"https:\/\/www.hotelloewen.de\/en\/wp-json\/wp\/v2\/pages\/149\/revisions\/4228"}],"wp:attachment":[{"href":"https:\/\/www.hotelloewen.de\/en\/wp-json\/wp\/v2\/media?parent=149"}],"curies":[{"name":"wp","href":"https:\/\/api.w.org\/{rel}","templated":true}]}}